{"id":246,"date":"2024-02-19T20:02:40","date_gmt":"2024-02-19T20:02:40","guid":{"rendered":"https:\/\/haireliit.era.ee\/?page_id=246"},"modified":"2025-04-11T10:14:19","modified_gmt":"2025-04-11T10:14:19","slug":"info","status":"publish","type":"page","link":"https:\/\/haireliit.era.ee\/index.php\/info\/","title":{"rendered":"Info"},"content":{"rendered":"\n<div style=\"height:32px\" aria-hidden=\"true\" class=\"wp-block-spacer\"><\/div>\n\n\n\n<h2 class=\"wp-block-heading\">Info<\/h2>\n\n\n\n<div style=\"height:30px\" aria-hidden=\"true\" class=\"wp-block-spacer\"><\/div>\n\n\n\n<div class=\"wp-block-group is-content-justification-center is-nowrap is-layout-flex wp-container-core-group-is-layout-23441af8 wp-block-group-is-layout-flex\">\n<p class=\"has-large-font-size\"><em>Meie p\u00f5hitegevus on valve info edasus ja objektide j\u00e4lgimine<\/em><\/p>\n<\/div>\n\n\n\n<div style=\"height:50px\" aria-hidden=\"true\" class=\"wp-block-spacer\"><\/div>\n\n\n\n<div class=\"wp-block-columns is-layout-flex wp-container-core-columns-is-layout-28f84493 wp-block-columns-is-layout-flex\">\n<div class=\"wp-block-column is-layout-flow wp-block-column-is-layout-flow\">\n<div class=\"wp-block-group is-nowrap is-layout-flex wp-container-core-group-is-layout-6c531013 wp-block-group-is-layout-flex\">\n<div class=\"wp-block-outermost-icon-block\"><div class=\"icon-container\" style=\"width:24px;transform:rotate(0deg) scaleX(1) scaleY(1)\"><svg xmlns=\"http:\/\/www.w3.org\/2000\/svg\" width=\"24\" height=\"24\" viewBox=\"0 0 24 24\" fill=\"none\" stroke=\"#000000\" stroke-width=\"2\" stroke-linecap=\"round\" stroke-linejoin=\"round\"><path d=\"M4 4h16c1.1 0 2 .9 2 2v12c0 1.1-.9 2-2 2H4c-1.1 0-2-.9-2-2V6c0-1.1.9-2 2-2z\"><\/path><polyline points=\"22,6 12,13 2,6\"><\/polyline><\/svg><\/div><\/div>\n\n\n\n<p><a href=\"https:\/\/haireliit.era.ee\/index.php\/e-kiri\/\" data-type=\"page\" data-id=\"162\">haireliit@gmail.com<\/a><\/p>\n<\/div>\n\n\n\n<p><strong>Aadress:<\/strong> Uus 2c P\u00e4rnu-Jaagupi P\u00f5hja-P\u00e4rnumaa 87201<\/p>\n<\/div>\n\n\n\n<div class=\"wp-block-column is-layout-flow wp-block-column-is-layout-flow\">\n<div class=\"wp-block-group is-nowrap is-layout-flex wp-container-core-group-is-layout-6c531013 wp-block-group-is-layout-flex\">\n<div class=\"wp-block-outermost-icon-block\"><div class=\"icon-container\" style=\"width:24px;transform:rotate(0deg) scaleX(1) scaleY(1)\"><svg xmlns=\"http:\/\/www.w3.org\/2000\/svg\" width=\"24\" height=\"24\" viewBox=\"0 0 24 24\" fill=\"none\" stroke=\"#000000\" stroke-width=\"2\" stroke-linecap=\"round\" stroke-linejoin=\"round\"><path d=\"M22 16.92v3a2 2 0 0 1-2.18 2 19.79 19.79 0 0 1-8.63-3.07 19.5 19.5 0 0 1-6-6 19.79 19.79 0 0 1-3.07-8.67A2 2 0 0 1 4.11 2h3a2 2 0 0 1 2 1.72 12.84 12.84 0 0 0 .7 2.81 2 2 0 0 1-.45 2.11L8.09 9.91a16 16 0 0 0 6 6l1.27-1.27a2 2 0 0 1 2.11-.45 12.84 12.84 0 0 0 2.81.7A2 2 0 0 1 22 16.92z\"><\/path><\/svg><\/div><\/div>\n\n\n\n<p><a href=\"tel:+3725012799\">+3725012799<\/a><\/p>\n<\/div>\n\n\n\n<p><strong>Reg nr:<\/strong> 80259806<\/p>\n<\/div>\n\n\n\n<div class=\"wp-block-column is-layout-flow wp-block-column-is-layout-flow\">\n<div class=\"wp-block-group is-nowrap is-layout-flex wp-container-core-group-is-layout-6c531013 wp-block-group-is-layout-flex\">\n<div class=\"wp-block-outermost-icon-block\"><div class=\"icon-container\" style=\"width:24px;transform:rotate(0deg) scaleX(1) scaleY(1)\"><svg xmlns=\"http:\/\/www.w3.org\/2000\/svg\" width=\"24\" height=\"24\" viewBox=\"0 0 24 24\" fill=\"none\" stroke=\"#000000\" stroke-width=\"2\" stroke-linecap=\"round\" stroke-linejoin=\"round\"><path d=\"M18 2h-3a5 5 0 0 0-5 5v3H7v4h3v8h4v-8h3l1-4h-4V7a1 1 0 0 1 1-1h3z\"><\/path><\/svg><\/div><\/div>\n\n\n\n<p><a href=\"https:\/\/www.facebook.com\/haireliit\">H\u00c4IRELIIT<\/a><\/p>\n<\/div>\n\n\n\n<p><strong>MTR:<\/strong> YTL000967<\/p>\n<\/div>\n<\/div>\n","protected":false},"excerpt":{"rendered":"<p>Info Meie p\u00f5hitegevus on valve info edasus ja objektide j\u00e4lgimine haireliit@gmail.com Aadress: Uus 2c P\u00e4rnu-Jaagupi P\u00f5hja-P\u00e4rnumaa 87201 +3725012799 Reg nr: 80259806 H\u00c4IRELIIT MTR: YTL000967<\/p>\n","protected":false},"author":1,"featured_media":0,"parent":0,"menu_order":0,"comment_status":"closed","ping_status":"closed","template":"","meta":{"inline_featured_image":false,"_themeisle_gutenberg_block_has_review":false,"footnotes":""},"class_list":["post-246","page","type-page","status-publish","hentry"],"_links":{"self":[{"href":"https:\/\/haireliit.era.ee\/index.php\/wp-json\/wp\/v2\/pages\/246","targetHints":{"allow":["GET"]}}],"collection":[{"href":"https:\/\/haireliit.era.ee\/index.php\/wp-json\/wp\/v2\/pages"}],"about":[{"href":"https:\/\/haireliit.era.ee\/index.php\/wp-json\/wp\/v2\/types\/page"}],"author":[{"embeddable":true,"href":"https:\/\/haireliit.era.ee\/index.php\/wp-json\/wp\/v2\/users\/1"}],"replies":[{"embeddable":true,"href":"https:\/\/haireliit.era.ee\/index.php\/wp-json\/wp\/v2\/comments?post=246"}],"version-history":[{"count":48,"href":"https:\/\/haireliit.era.ee\/index.php\/wp-json\/wp\/v2\/pages\/246\/revisions"}],"predecessor-version":[{"id":771,"href":"https:\/\/haireliit.era.ee\/index.php\/wp-json\/wp\/v2\/pages\/246\/revisions\/771"}],"wp:attachment":[{"href":"https:\/\/haireliit.era.ee\/index.php\/wp-json\/wp\/v2\/media?parent=246"}],"curies":[{"name":"wp","href":"https:\/\/api.w.org\/{rel}","templated":true}]}}