{"id":34,"date":"2024-02-15T20:12:50","date_gmt":"2024-02-15T20:12:50","guid":{"rendered":"https:\/\/haireliit.era.ee\/?page_id=34"},"modified":"2024-11-03T16:15:11","modified_gmt":"2024-11-03T16:15:11","slug":"pealeht","status":"publish","type":"page","link":"https:\/\/haireliit.era.ee\/","title":{"rendered":"Pealeht"},"content":{"rendered":"\n<div class=\"wp-block-group is-nowrap is-layout-flex wp-container-core-group-is-layout-6c531013 wp-block-group-is-layout-flex\">\n<div class=\"wp-block-group is-nowrap is-layout-flex wp-container-core-group-is-layout-6c531013 wp-block-group-is-layout-flex\">\n<p><em><em>Bussi tellimine ja renditeenused uuel aadressil <em><a href=\"https:\/\/buss.maxiliinid.ee\">https:\/\/maxiliinid.ee<\/a><\/em> <\/em><\/em><\/p>\n\n\n\n<figure class=\"wp-block-image size-large is-resized\"><a href=\"https:\/\/buss.maxiliinid.ee\"><img loading=\"lazy\" decoding=\"async\" width=\"1024\" height=\"271\" src=\"https:\/\/haireliit.era.ee\/wp-content\/uploads\/2024\/02\/MaxiLiinid-logo-taustata-varjundiga-1024x271.png\" alt=\"\" class=\"wp-image-206\" style=\"width:200px;height:auto\" srcset=\"https:\/\/haireliit.era.ee\/wp-content\/uploads\/2024\/02\/MaxiLiinid-logo-taustata-varjundiga-1024x271.png 1024w, https:\/\/haireliit.era.ee\/wp-content\/uploads\/2024\/02\/MaxiLiinid-logo-taustata-varjundiga-300x79.png 300w, https:\/\/haireliit.era.ee\/wp-content\/uploads\/2024\/02\/MaxiLiinid-logo-taustata-varjundiga-768x203.png 768w, https:\/\/haireliit.era.ee\/wp-content\/uploads\/2024\/02\/MaxiLiinid-logo-taustata-varjundiga-1536x406.png 1536w, https:\/\/haireliit.era.ee\/wp-content\/uploads\/2024\/02\/MaxiLiinid-logo-taustata-varjundiga-2048x541.png 2048w\" sizes=\"auto, (max-width: 1024px) 100vw, 1024px\" \/><\/a><\/figure>\n<\/div>\n<\/div>\n\n\n\n<h2 class=\"wp-block-heading\">Tutvustus<\/h2>\n\n\n\n<p><br>H\u00e4ireliit Mittetulundus\u00fching on 1999. aasta m\u00e4rtsis kodanikualgatusel loodud \u00fching, mille p\u00f5hieesm\u00e4rk on turvalise t\u00f6\u00f6- ja elukeskkonna loomine ning selles osalevate isikute \u00fchendamine.<\/p>\n\n\n\n<p>Olude sunnil katkestasime oma tegevuse 2002 aastal, kuid taasalustasime uuesti 2008 aastal. Liidu tegevus p\u00f5hineb vabatahtlikkusel ja liikmete \u00fchisel tegutsemisel. Oleme seadnud endale eesm\u00e4rgiks luua turvalisem elukeskkond ning toetame ja \u00fchendame inimesi, kes jagavad samu huve.<\/p>\n\n\n\n<p>Liidu majandustegevus on suunatud tegevuse arendamisele ja selleks vajalike vahendite soetamisele. Oleme alates 2019. aastast laiendanud oma tegevust, pakkudes mitmesuguseid transporditeenuseid sealhulgas erivajadustega inimestele. Oluline on mainida, et alates 2023. aastast on reisijateveo ja rendi teenus \u00fcle l\u00e4inud Maxiliinid O\u00dc-le. Seega oleme teinud strateegilise otsuse oma tegevuse korraldamiseks, et paremini rahuldada kogukonna vajadusi ja laiendada oma tegevust.<\/p>\n\n\n\n<p>Oleme uhked oma panuse \u00fcle kogukonna ohutuse tagamisel ja j\u00e4tkame aktiivset tegevust, olles avatud uutele v\u00f5imalustele ja koost\u00f6\u00f6le. Tule tutvu meie tegevusega l\u00e4hemalt ja liitu meiega turvalisema tuleviku nimel!<\/p>\n\n\n\n<p><\/p>\n","protected":false},"excerpt":{"rendered":"<p>Bussi tellimine ja renditeenused uuel aadressil https:\/\/maxiliinid.ee Tutvustus H\u00e4ireliit Mittetulundus\u00fching on 1999. aasta m\u00e4rtsis kodanikualgatusel loodud \u00fching, mille p\u00f5hieesm\u00e4rk on turvalise t\u00f6\u00f6- ja elukeskkonna loomine ning selles osalevate isikute \u00fchendamine. Olude sunnil katkestasime oma tegevuse 2002 aastal, kuid taasalustasime uuesti 2008 aastal. Liidu tegevus p\u00f5hineb vabatahtlikkusel ja liikmete \u00fchisel tegutsemisel. Oleme seadnud endale eesm\u00e4rgiks luua [&hellip;]<\/p>\n","protected":false},"author":1,"featured_media":0,"parent":0,"menu_order":0,"comment_status":"closed","ping_status":"closed","template":"","meta":{"inline_featured_image":false,"_themeisle_gutenberg_block_has_review":false,"footnotes":""},"class_list":["post-34","page","type-page","status-publish","hentry"],"_links":{"self":[{"href":"https:\/\/haireliit.era.ee\/index.php\/wp-json\/wp\/v2\/pages\/34","targetHints":{"allow":["GET"]}}],"collection":[{"href":"https:\/\/haireliit.era.ee\/index.php\/wp-json\/wp\/v2\/pages"}],"about":[{"href":"https:\/\/haireliit.era.ee\/index.php\/wp-json\/wp\/v2\/types\/page"}],"author":[{"embeddable":true,"href":"https:\/\/haireliit.era.ee\/index.php\/wp-json\/wp\/v2\/users\/1"}],"replies":[{"embeddable":true,"href":"https:\/\/haireliit.era.ee\/index.php\/wp-json\/wp\/v2\/comments?post=34"}],"version-history":[{"count":39,"href":"https:\/\/haireliit.era.ee\/index.php\/wp-json\/wp\/v2\/pages\/34\/revisions"}],"predecessor-version":[{"id":570,"href":"https:\/\/haireliit.era.ee\/index.php\/wp-json\/wp\/v2\/pages\/34\/revisions\/570"}],"wp:attachment":[{"href":"https:\/\/haireliit.era.ee\/index.php\/wp-json\/wp\/v2\/media?parent=34"}],"curies":[{"name":"wp","href":"https:\/\/api.w.org\/{rel}","templated":true}]}}